{"id":216,"date":"2015-05-11T17:53:01","date_gmt":"2015-05-11T17:53:01","guid":{"rendered":"http:\/\/maquinaria-para-la-madera.com\/divi\/?page_id=216"},"modified":"2017-05-03T07:31:56","modified_gmt":"2017-05-03T07:31:56","slug":"presentacion","status":"publish","type":"page","link":"https:\/\/muebleszelaitxiki.com\/fr\/presentacion\/","title":{"rendered":"PRESENTACION"},"content":{"rendered":"<p>[et_pb_section bb_built=\u00bb1&#8243; admin_label=\u00bbsection\u00bb][et_pb_row admin_label=\u00bbrow\u00bb][et_pb_column type=\u00bb1_2&#8243;][et_pb_gallery admin_label=\u00bbGaler\u00eda\u00bb gallery_ids=\u00bb217,218,232,231,229&#8243; fullwidth=\u00bbon\u00bb orientation=\u00bblandscape\u00bb show_title_and_caption=\u00bbon\u00bb show_pagination=\u00bbon\u00bb background_layout=\u00bblight\u00bb auto=\u00bbon\u00bb auto_speed=\u00bb3000&#8243; hover_overlay_color=\u00bbrgba(255,255,255,0.9)\u00bb use_border_color=\u00bboff\u00bb border_color=\u00bb#ffffff\u00bb border_style=\u00bbsolid\u00bb \/][\/et_pb_column][et_pb_column type=\u00bb1_2&#8243;][et_pb_text admin_label=\u00bbText\u00bb background_layout=\u00bblight\u00bb text_orientation=\u00bbleft\u00bb]<\/p>\n<h2>PASSION POUR LE BOIS<\/h2>\n<p>&nbsp;<\/p>\n<p>ZELAI-TXIKI avec 35 ans d&#8217;exp\u00e9rience, est caract\u00e9ris\u00e9 par sa qualit\u00e9, sa tradition et l&#8217;amour par les mati\u00e8res nobles.<br \/>\nNous fabriquons des meubles exclusifs et s\u00e9lectionnons les dessins(conceptions) les plus confortables pour offrir la fonctionnalit\u00e9 maximale et la beaut\u00e9.<br \/>\nAvec le mime des artisans d&#8217;autrefois, nous employons du bois de ch\u00eane, de ch\u00e2taignier, de cerisier, de noyer etc.. de la plus haute(grande) qualit\u00e9, par cette raison nous leur offrons le meilleur artisanat gr\u00e2ce \u00e0 tout un propre processus d&#8217;\u00e9laboration.<br \/>\nVisitez-nous sans aucun engagement(compromis), nous l&#8217;accueillerons avec plaisir et trouverons une solution \u00e0 ses probl\u00e8mes d&#8217;espace et de dessin(conception).<\/p>\n<p>[\/et_pb_text][\/et_pb_column][\/et_pb_row][et_pb_row admin_label=\u00bbrow\u00bb][et_pb_column type=\u00bb4_4&#8243;][et_pb_divider admin_label=\u00bbDivider\u00bb color=\u00bb#7cc68d\u00bb show_divider=\u00bbon\u00bb \/][et_pb_cta admin_label=\u00bbCall To Action\u00bb title=\u00bbLa fusion de l&#8217;exp\u00e9rience de l&#8217;artisan et le dessin(conception) du meuble le plus avanc\u00e9\u00bb use_background_color=\u00bbon\u00bb background_color=\u00bb#7cc68d\u00bb background_layout=\u00bbdark\u00bb text_orientation=\u00bbcenter\u00bb \/][\/et_pb_column][\/et_pb_row][\/et_pb_section]<\/p>\n","protected":false},"excerpt":{"rendered":"<p>[et_pb_section bb_built=\u00bb1&#8243; admin_label=\u00bbsection\u00bb][et_pb_row admin_label=\u00bbrow\u00bb][et_pb_column type=\u00bb1_2&#8243;][et_pb_gallery admin_label=\u00bbGaler\u00eda\u00bb gallery_ids=\u00bb217,218,232,231,229&#8243; fullwidth=\u00bbon\u00bb orientation=\u00bblandscape\u00bb show_title_and_caption=\u00bbon\u00bb show_pagination=\u00bbon\u00bb background_layout=\u00bblight\u00bb auto=\u00bbon\u00bb auto_speed=\u00bb3000&#8243; hover_overlay_color=\u00bbrgba(255,255,255,0.9)\u00bb use_border_color=\u00bboff\u00bb border_color=\u00bb#ffffff\u00bb border_style=\u00bbsolid\u00bb \/][\/et_pb_column][et_pb_column type=\u00bb1_2&#8243;][et_pb_text admin_label=\u00bbText\u00bb background_layout=\u00bblight\u00bb text_orientation=\u00bbleft\u00bb] PASSION POUR LE BOIS &nbsp; ZELAI-TXIKI avec 35 ans d&#8217;exp\u00e9rience, est caract\u00e9ris\u00e9 par sa qualit\u00e9, sa tradition et l&#8217;amour par les mati\u00e8res nobles. Nous fabriquons des meubles exclusifs et s\u00e9lectionnons les dessins(conceptions) [&hellip;]<\/p>\n","protected":false},"author":2,"featured_media":0,"parent":0,"menu_order":0,"comment_status":"open","ping_status":"open","template":"","meta":{"footnotes":""},"class_list":["post-216","page","type-page","status-publish","hentry"],"_links":{"self":[{"href":"https:\/\/muebleszelaitxiki.com\/fr\/wp-json\/wp\/v2\/pages\/216"}],"collection":[{"href":"https:\/\/muebleszelaitxiki.com\/fr\/wp-json\/wp\/v2\/pages"}],"about":[{"href":"https:\/\/muebleszelaitxiki.com\/fr\/wp-json\/wp\/v2\/types\/page"}],"author":[{"embeddable":true,"href":"https:\/\/muebleszelaitxiki.com\/fr\/wp-json\/wp\/v2\/users\/2"}],"replies":[{"embeddable":true,"href":"https:\/\/muebleszelaitxiki.com\/fr\/wp-json\/wp\/v2\/comments?post=216"}],"version-history":[{"count":3,"href":"https:\/\/muebleszelaitxiki.com\/fr\/wp-json\/wp\/v2\/pages\/216\/revisions"}],"predecessor-version":[{"id":575,"href":"https:\/\/muebleszelaitxiki.com\/fr\/wp-json\/wp\/v2\/pages\/216\/revisions\/575"}],"wp:attachment":[{"href":"https:\/\/muebleszelaitxiki.com\/fr\/wp-json\/wp\/v2\/media?parent=216"}],"curies":[{"name":"wp","href":"https:\/\/api.w.org\/{rel}","templated":true}]}}