{"id":265,"date":"2015-05-11T21:53:09","date_gmt":"2015-05-11T21:53:09","guid":{"rendered":"http:\/\/maquinaria-para-la-madera.com\/divi\/?page_id=265"},"modified":"2017-05-16T08:35:06","modified_gmt":"2017-05-16T08:35:06","slug":"armarios","status":"publish","type":"page","link":"https:\/\/muebleszelaitxiki.com\/fr\/armarios\/","title":{"rendered":"ARMARIOS"},"content":{"rendered":"<p>[et_pb_section bb_built=\u00bb1&#8243; admin_label=\u00bbsection\u00bb background_color=\u00bb#ffffff\u00bb inner_shadow=\u00bboff\u00bb parallax=\u00bboff\u00bb][et_pb_row admin_label=\u00bbrow\u00bb][et_pb_column type=\u00bb4_4&#8243;][et_pb_text admin_label=\u00bbText\u00bb background_layout=\u00bblight\u00bb text_orientation=\u00bbleft\u00bb]<\/p>\n<h1><span style=\"color: #00b957;\">DES ARMOIRES DESSIN\u00c9ES SUR MESURE<\/span><\/h1>\n<p>Des armoires fonctionnelles, dessin\u00e9es(cr\u00e9\u00e9es) en analysant l&#8217;espace et les n\u00e9cessit\u00e9s du client, fabriqu\u00e9s comme mat\u00e9riels de premi\u00e8re qualit\u00e9, avec achev\u00e9s qui marquent la diff\u00e9rence.<\/p>\n<h2><\/h2>\n<p>[\/et_pb_text][et_pb_gallery admin_label=\u00bbGallery\u00bb gallery_ids=\u00bb236,235,234,233,232,225,227,229,230,231,488,489,490,492,493,494,495,496,497&#8243; fullwidth=\u00bboff\u00bb posts_number=\u00bb100&#8243; show_title_and_caption=\u00bboff\u00bb show_pagination=\u00bbon\u00bb background_layout=\u00bblight\u00bb gallery_orderby=\u00bbrand\u00bb orientation=\u00bblandscape\u00bb auto=\u00bboff\u00bb hover_overlay_color=\u00bbrgba(255,255,255,0.9)\u00bb use_border_color=\u00bboff\u00bb border_color=\u00bb#ffffff\u00bb border_style=\u00bbsolid\u00bb \/][\/et_pb_column][\/et_pb_row][\/et_pb_section]<\/p>\n","protected":false},"excerpt":{"rendered":"<p>[et_pb_section bb_built=\u00bb1&#8243; admin_label=\u00bbsection\u00bb background_color=\u00bb#ffffff\u00bb inner_shadow=\u00bboff\u00bb parallax=\u00bboff\u00bb][et_pb_row admin_label=\u00bbrow\u00bb][et_pb_column type=\u00bb4_4&#8243;][et_pb_text admin_label=\u00bbText\u00bb background_layout=\u00bblight\u00bb text_orientation=\u00bbleft\u00bb] DES ARMOIRES DESSIN\u00c9ES SUR MESURE Des armoires fonctionnelles, dessin\u00e9es(cr\u00e9\u00e9es) en analysant l&#8217;espace et les n\u00e9cessit\u00e9s du client, fabriqu\u00e9s comme mat\u00e9riels de premi\u00e8re qualit\u00e9, avec achev\u00e9s qui marquent la diff\u00e9rence. [\/et_pb_text][et_pb_gallery admin_label=\u00bbGallery\u00bb gallery_ids=\u00bb236,235,234,233,232,225,227,229,230,231,488,489,490,492,493,494,495,496,497&#8243; fullwidth=\u00bboff\u00bb posts_number=\u00bb100&#8243; show_title_and_caption=\u00bboff\u00bb show_pagination=\u00bbon\u00bb background_layout=\u00bblight\u00bb gallery_orderby=\u00bbrand\u00bb orientation=\u00bblandscape\u00bb auto=\u00bboff\u00bb hover_overlay_color=\u00bbrgba(255,255,255,0.9)\u00bb use_border_color=\u00bboff\u00bb border_color=\u00bb#ffffff\u00bb border_style=\u00bbsolid\u00bb [&hellip;]<\/p>\n","protected":false},"author":2,"featured_media":232,"parent":0,"menu_order":0,"comment_status":"open","ping_status":"open","template":"","meta":{"footnotes":""},"class_list":["post-265","page","type-page","status-publish","has-post-thumbnail","hentry"],"_links":{"self":[{"href":"https:\/\/muebleszelaitxiki.com\/fr\/wp-json\/wp\/v2\/pages\/265"}],"collection":[{"href":"https:\/\/muebleszelaitxiki.com\/fr\/wp-json\/wp\/v2\/pages"}],"about":[{"href":"https:\/\/muebleszelaitxiki.com\/fr\/wp-json\/wp\/v2\/types\/page"}],"author":[{"embeddable":true,"href":"https:\/\/muebleszelaitxiki.com\/fr\/wp-json\/wp\/v2\/users\/2"}],"replies":[{"embeddable":true,"href":"https:\/\/muebleszelaitxiki.com\/fr\/wp-json\/wp\/v2\/comments?post=265"}],"version-history":[{"count":4,"href":"https:\/\/muebleszelaitxiki.com\/fr\/wp-json\/wp\/v2\/pages\/265\/revisions"}],"predecessor-version":[{"id":602,"href":"https:\/\/muebleszelaitxiki.com\/fr\/wp-json\/wp\/v2\/pages\/265\/revisions\/602"}],"wp:featuredmedia":[{"embeddable":true,"href":"https:\/\/muebleszelaitxiki.com\/fr\/wp-json\/wp\/v2\/media\/232"}],"wp:attachment":[{"href":"https:\/\/muebleszelaitxiki.com\/fr\/wp-json\/wp\/v2\/media?parent=265"}],"curies":[{"name":"wp","href":"https:\/\/api.w.org\/{rel}","templated":true}]}}