{"id":267,"date":"2015-05-11T21:53:27","date_gmt":"2015-05-11T21:53:27","guid":{"rendered":"http:\/\/maquinaria-para-la-madera.com\/divi\/?page_id=267"},"modified":"2017-05-16T08:36:28","modified_gmt":"2017-05-16T08:36:28","slug":"dormitorios","status":"publish","type":"page","link":"https:\/\/muebleszelaitxiki.com\/fr\/dormitorios\/","title":{"rendered":"DORMITORIOS"},"content":{"rendered":"<p>[et_pb_section bb_built=\u00bb1&#8243; admin_label=\u00bbsection\u00bb][et_pb_row admin_label=\u00bbrow\u00bb][et_pb_column type=\u00bb4_4&#8243;][et_pb_text admin_label=\u00bbText\u00bb background_layout=\u00bblight\u00bb text_orientation=\u00bbleft\u00bb]<\/p>\n<h1><span style=\"color: #00b957;\">DES CHAMBRES \u00c0 COUCHER<\/span><\/h1>\n<p>Soyez comme c&#8217;est le domitorios dont tu as besoin, (un simple, mariage, juv\u00e9nile \u2026) dans ZELAITXIKI nous t&#8217;aiderons \u00e0 donner avec la solution la plus ad\u00e9quate.<br \/>\nDes chambres \u00e0 coucher de haute(grande) qualit\u00e9, avec possibilit\u00e9s de fabrication en divers bois, en couleurs et en styles \u2026 pour obtenir comme en ressorti des ann\u00e9es de qualit\u00e9 adapt\u00e9es \u00e0 tes n\u00e9cessit\u00e9s.<\/p>\n<p>[\/et_pb_text][et_pb_gallery admin_label=\u00bbGallery\u00bb gallery_ids=\u00bb330,331,332,333,334,335,337,511,512,515,516,517,507,497,500,584,585&#8243; fullwidth=\u00bboff\u00bb posts_number=\u00bb100&#8243; show_title_and_caption=\u00bboff\u00bb show_pagination=\u00bbon\u00bb background_layout=\u00bblight\u00bb gallery_orderby=\u00bbrand\u00bb auto=\u00bboff\u00bb hover_overlay_color=\u00bbrgba(255,255,255,0.9)\u00bb use_border_color=\u00bboff\u00bb border_color=\u00bb#ffffff\u00bb border_style=\u00bbsolid\u00bb orientation=\u00bblandscape\u00bb \/][\/et_pb_column][\/et_pb_row][\/et_pb_section]<\/p>\n","protected":false},"excerpt":{"rendered":"<p>[et_pb_section bb_built=\u00bb1&#8243; admin_label=\u00bbsection\u00bb][et_pb_row admin_label=\u00bbrow\u00bb][et_pb_column type=\u00bb4_4&#8243;][et_pb_text admin_label=\u00bbText\u00bb background_layout=\u00bblight\u00bb text_orientation=\u00bbleft\u00bb] DES CHAMBRES \u00c0 COUCHER Soyez comme c&#8217;est le domitorios dont tu as besoin, (un simple, mariage, juv\u00e9nile \u2026) dans ZELAITXIKI nous t&#8217;aiderons \u00e0 donner avec la solution la plus ad\u00e9quate. Des chambres \u00e0 coucher de haute(grande) qualit\u00e9, avec possibilit\u00e9s de fabrication en divers bois, en couleurs et [&hellip;]<\/p>\n","protected":false},"author":2,"featured_media":0,"parent":0,"menu_order":0,"comment_status":"open","ping_status":"open","template":"","meta":{"footnotes":""},"class_list":["post-267","page","type-page","status-publish","hentry"],"_links":{"self":[{"href":"https:\/\/muebleszelaitxiki.com\/fr\/wp-json\/wp\/v2\/pages\/267"}],"collection":[{"href":"https:\/\/muebleszelaitxiki.com\/fr\/wp-json\/wp\/v2\/pages"}],"about":[{"href":"https:\/\/muebleszelaitxiki.com\/fr\/wp-json\/wp\/v2\/types\/page"}],"author":[{"embeddable":true,"href":"https:\/\/muebleszelaitxiki.com\/fr\/wp-json\/wp\/v2\/users\/2"}],"replies":[{"embeddable":true,"href":"https:\/\/muebleszelaitxiki.com\/fr\/wp-json\/wp\/v2\/comments?post=267"}],"version-history":[{"count":6,"href":"https:\/\/muebleszelaitxiki.com\/fr\/wp-json\/wp\/v2\/pages\/267\/revisions"}],"predecessor-version":[{"id":603,"href":"https:\/\/muebleszelaitxiki.com\/fr\/wp-json\/wp\/v2\/pages\/267\/revisions\/603"}],"wp:attachment":[{"href":"https:\/\/muebleszelaitxiki.com\/fr\/wp-json\/wp\/v2\/media?parent=267"}],"curies":[{"name":"wp","href":"https:\/\/api.w.org\/{rel}","templated":true}]}}